{"id":1359,"date":"2025-02-26T13:23:49","date_gmt":"2025-02-26T12:23:49","guid":{"rendered":"https:\/\/kita-neuenhaus.de\/wp\/?page_id=1359"},"modified":"2025-02-26T14:26:34","modified_gmt":"2025-02-26T13:26:34","slug":"eingangsbereich-kita-flur","status":"publish","type":"page","link":"https:\/\/kita-neuenhaus.de\/wp\/eingangsbereich-kita-flur\/","title":{"rendered":"Willkommen in der Johannes-Kita Neuenhaus!"},"content":{"rendered":"<div class=\"wpb-content-wrapper\"><p>[vc_row][vc_column][vc_column_text css=&#8220;&#8220;]<\/p>\n<p data-start=\"39\" data-end=\"423\">Schon beim Betreten unserer Kita sp\u00fcrt man die freundliche und einladende Atmosph\u00e4re. Der offene und helle Eingangsbereich hei\u00dft Kinder, Eltern und Besucher herzlich willkommen. Gro\u00dfe Fenster lassen viel Tageslicht herein und sorgen f\u00fcr eine warme, angenehme Umgebung. Hier finden sich liebevolle Details, kindgerechte Dekorationen und erste Einblicke in unseren bunten Kita-Alltag.<\/p>\n<p data-start=\"425\" data-end=\"489\">Ein Ort, an dem sich jeder von Anfang an wohlf\u00fchlen kann!<\/p>\n<p>[\/vc_column_text][\/vc_column][\/vc_row][vc_row][vc_column width=&#8220;1\/3&#8243;][vc_single_image image=&#8220;1311&#8243; img_size=&#8220;full&#8220; onclick=&#8220;link_image&#8220; css=&#8220;&#8220;][\/vc_column][vc_column width=&#8220;1\/3&#8243;][vc_single_image image=&#8220;1312&#8243; img_size=&#8220;full&#8220; onclick=&#8220;link_image&#8220; css=&#8220;&#8220;][\/vc_column][vc_column width=&#8220;1\/3&#8243;][vc_single_image image=&#8220;1313&#8243; img_size=&#8220;full&#8220; onclick=&#8220;link_image&#8220; css=&#8220;&#8220;][\/vc_column][\/vc_row][vc_row][vc_column][vc_btn title=&#8220;Weiter zur orangen Gruppe&#8220; color=&#8220;warning&#8220; size=&#8220;lg&#8220; align=&#8220;center&#8220; i_align=&#8220;right&#8220; i_icon_fontawesome=&#8220;fas fa-arrow-right&#8220; css=&#8220;&#8220; add_icon=&#8220;true&#8220; link=&#8220;url:https%3A%2F%2Fkita-neuenhaus.de%2Fwp%2Fgruppe-orange-forschen-entdecken%2F|title:Gruppe%20Gr%C3%BCn%3A%20das%20Atelier&#8220;][\/vc_column][\/vc_row]<\/p>\n<\/div>","protected":false},"excerpt":{"rendered":"<p>[vc_row][vc_column][vc_column_text css=&#8220;&#8220;] Schon beim Betreten unserer Kita sp\u00fcrt man die freundliche und einladende Atmosph\u00e4re. Der offene und helle Eingangsbereich hei\u00dft Kinder, Eltern und Besucher herzlich willkommen. Gro\u00dfe Fenster lassen viel Tageslicht herein und sorgen f\u00fcr eine warme, angenehme Umgebung. Hier finden sich liebevolle Details, kindgerechte Dekorationen und erste Einblicke in unseren bunten Kita-Alltag. Ein Ort, an dem sich jeder von<\/p>\n<div class=\"read-more\"><a class=\"more-link\" href=\"https:\/\/kita-neuenhaus.de\/wp\/eingangsbereich-kita-flur\/\">Read More &#8230;<\/a><\/div>\n","protected":false},"author":1,"featured_media":0,"parent":0,"menu_order":0,"comment_status":"closed","ping_status":"closed","template":"","meta":{"footnotes":""},"class_list":["post-1359","page","type-page","status-publish","hentry"],"_links":{"self":[{"href":"https:\/\/kita-neuenhaus.de\/wp\/wp-json\/wp\/v2\/pages\/1359","targetHints":{"allow":["GET"]}}],"collection":[{"href":"https:\/\/kita-neuenhaus.de\/wp\/wp-json\/wp\/v2\/pages"}],"about":[{"href":"https:\/\/kita-neuenhaus.de\/wp\/wp-json\/wp\/v2\/types\/page"}],"author":[{"embeddable":true,"href":"https:\/\/kita-neuenhaus.de\/wp\/wp-json\/wp\/v2\/users\/1"}],"replies":[{"embeddable":true,"href":"https:\/\/kita-neuenhaus.de\/wp\/wp-json\/wp\/v2\/comments?post=1359"}],"version-history":[{"count":8,"href":"https:\/\/kita-neuenhaus.de\/wp\/wp-json\/wp\/v2\/pages\/1359\/revisions"}],"predecessor-version":[{"id":1450,"href":"https:\/\/kita-neuenhaus.de\/wp\/wp-json\/wp\/v2\/pages\/1359\/revisions\/1450"}],"wp:attachment":[{"href":"https:\/\/kita-neuenhaus.de\/wp\/wp-json\/wp\/v2\/media?parent=1359"}],"curies":[{"name":"wp","href":"https:\/\/api.w.org\/{rel}","templated":true}]}}