{"id":1386,"date":"2025-02-26T13:32:32","date_gmt":"2025-02-26T12:32:32","guid":{"rendered":"https:\/\/kita-neuenhaus.de\/wp\/?page_id=1386"},"modified":"2025-02-26T13:47:18","modified_gmt":"2025-02-26T12:47:18","slug":"gruppe-blau-rollenspiel-4","status":"publish","type":"page","link":"https:\/\/kita-neuenhaus.de\/wp\/gruppe-blau-rollenspiel-4\/","title":{"rendered":"Gruppe Blau: Rollenspiel"},"content":{"rendered":"<div class=\"wpb-content-wrapper\"><p>[vc_row][vc_column][vc_column_text css=&#8220;&#8220;]<\/p>\n<p data-start=\"63\" data-end=\"304\">In der blauen Gruppe verwandeln wir uns in mutige Abenteurer, schlaue Detektive, tapfere Ritter oder zauberhafte Feen. Beim Rollenspiel schl\u00fcpfen die Kinder in verschiedene Rollen, erfinden Geschichten und tauchen in fantasievolle Welten ein.<\/p>\n<p data-start=\"306\" data-end=\"559\">Ob in der Puppenecke, beim Verkleiden oder in selbst ausgedachten Szenen \u2013 hier wird Kreativit\u00e4t gro\u00dfgeschrieben! Rollenspiele f\u00f6rdern die soziale Entwicklung, das Einf\u00fchlungsverm\u00f6gen und die sprachlichen F\u00e4higkeiten der Kinder auf spielerische Weise.<\/p>\n<p data-start=\"561\" data-end=\"634\">In unserer Gruppe gilt: <strong data-start=\"585\" data-end=\"622\">Die Fantasie kennt keine Grenzen!<\/strong><\/p>\n<p>[\/vc_column_text][\/vc_column][\/vc_row][vc_row][vc_column width=&#8220;1\/3&#8243;][vc_single_image image=&#8220;1316&#8243; img_size=&#8220;full&#8220; add_caption=&#8220;yes&#8220; onclick=&#8220;link_image&#8220; css=&#8220;&#8220;][\/vc_column][vc_column width=&#8220;1\/3&#8243;][vc_single_image image=&#8220;1315&#8243; img_size=&#8220;full&#8220; add_caption=&#8220;yes&#8220; onclick=&#8220;link_image&#8220; css=&#8220;&#8220;][\/vc_column][vc_column width=&#8220;1\/3&#8243;][vc_single_image image=&#8220;1314&#8243; img_size=&#8220;full&#8220; add_caption=&#8220;yes&#8220; onclick=&#8220;link_image&#8220; css=&#8220;&#8220;][\/vc_column][\/vc_row][vc_row][vc_column width=&#8220;1\/2&#8243;][vc_btn title=&#8220;zur\u00fcck zur gr\u00fcnen Gruppe&#8220; color=&#8220;success&#8220; size=&#8220;lg&#8220; align=&#8220;center&#8220; i_icon_fontawesome=&#8220;fas fa-arrow-left&#8220; css=&#8220;&#8220; add_icon=&#8220;true&#8220; link=&#8220;url:https%3A%2F%2Fkita-neuenhaus.de%2Fwp%2Fgruppe-gruen-das-atelier%2F|title:Gruppe%20Gr%C3%BCn%3A%20das%20Atelier&#8220;][\/vc_column][vc_column width=&#8220;1\/2&#8243;][vc_btn title=&#8220;weiter zur roten Gruppe&#8220; color=&#8220;danger&#8220; size=&#8220;lg&#8220; align=&#8220;center&#8220; i_align=&#8220;right&#8220; i_icon_fontawesome=&#8220;fas fa-arrow-right&#8220; css=&#8220;&#8220; add_icon=&#8220;true&#8220; link=&#8220;url:https%3A%2F%2Fkita-neuenhaus.de%2Fwp%2Fgruppe-rot-bau-konstruktion%2F|title:Gruppe%20Gr%C3%BCn%3A%20das%20Atelier&#8220;][\/vc_column][\/vc_row]<\/p>\n<\/div>","protected":false},"excerpt":{"rendered":"<p>[vc_row][vc_column][vc_column_text css=&#8220;&#8220;] In der blauen Gruppe verwandeln wir uns in mutige Abenteurer, schlaue Detektive, tapfere Ritter oder zauberhafte Feen. Beim Rollenspiel schl\u00fcpfen die Kinder in verschiedene Rollen, erfinden Geschichten und tauchen in fantasievolle Welten ein. Ob in der Puppenecke, beim Verkleiden oder in selbst ausgedachten Szenen \u2013 hier wird Kreativit\u00e4t gro\u00dfgeschrieben! Rollenspiele f\u00f6rdern die soziale Entwicklung, das Einf\u00fchlungsverm\u00f6gen und die<\/p>\n<div class=\"read-more\"><a class=\"more-link\" href=\"https:\/\/kita-neuenhaus.de\/wp\/gruppe-blau-rollenspiel-4\/\">Read More &#8230;<\/a><\/div>\n","protected":false},"author":1,"featured_media":0,"parent":0,"menu_order":0,"comment_status":"closed","ping_status":"closed","template":"","meta":{"footnotes":""},"class_list":["post-1386","page","type-page","status-publish","hentry"],"_links":{"self":[{"href":"https:\/\/kita-neuenhaus.de\/wp\/wp-json\/wp\/v2\/pages\/1386","targetHints":{"allow":["GET"]}}],"collection":[{"href":"https:\/\/kita-neuenhaus.de\/wp\/wp-json\/wp\/v2\/pages"}],"about":[{"href":"https:\/\/kita-neuenhaus.de\/wp\/wp-json\/wp\/v2\/types\/page"}],"author":[{"embeddable":true,"href":"https:\/\/kita-neuenhaus.de\/wp\/wp-json\/wp\/v2\/users\/1"}],"replies":[{"embeddable":true,"href":"https:\/\/kita-neuenhaus.de\/wp\/wp-json\/wp\/v2\/comments?post=1386"}],"version-history":[{"count":4,"href":"https:\/\/kita-neuenhaus.de\/wp\/wp-json\/wp\/v2\/pages\/1386\/revisions"}],"predecessor-version":[{"id":1403,"href":"https:\/\/kita-neuenhaus.de\/wp\/wp-json\/wp\/v2\/pages\/1386\/revisions\/1403"}],"wp:attachment":[{"href":"https:\/\/kita-neuenhaus.de\/wp\/wp-json\/wp\/v2\/media?parent=1386"}],"curies":[{"name":"wp","href":"https:\/\/api.w.org\/{rel}","templated":true}]}}