{"id":1414,"date":"2025-02-26T13:58:47","date_gmt":"2025-02-26T12:58:47","guid":{"rendered":"https:\/\/kita-neuenhaus.de\/wp\/?page_id=1414"},"modified":"2025-02-26T14:16:57","modified_gmt":"2025-02-26T13:16:57","slug":"willkommen-in-der-johannes-krippe-neuenhaus","status":"publish","type":"page","link":"https:\/\/kita-neuenhaus.de\/wp\/willkommen-in-der-johannes-krippe-neuenhaus\/","title":{"rendered":"Willkommen in der Johannes-Krippe Neuenhaus!"},"content":{"rendered":"<div class=\"wpb-content-wrapper\"><p>[vc_row][vc_column][vc_column_text css=&#8220;&#8220;]Unser Neubau bietet den Kleinen einen hellen, offenen und liebevoll gestalteten Raum zum Entdecken und Wohlf\u00fchlen. Mit modernen Einrichtungen und einer warmen, einladenden Atmosph\u00e4re schaffen wir den perfekten Ort, an dem sich jedes Kind geborgen und gef\u00f6rdert f\u00fchlt. Hier darf gespielt, gelernt und gewachsen werden \u2013 in einem Umfeld, das Raum f\u00fcr Entfaltung und Freude bietet.[\/vc_column_text][\/vc_column][\/vc_row][vc_row][vc_column width=&#8220;1\/3&#8243;][vc_single_image image=&#8220;1331&#8243; img_size=&#8220;full&#8220; add_caption=&#8220;yes&#8220; alignment=&#8220;center&#8220; onclick=&#8220;link_image&#8220; css=&#8220;&#8220;][\/vc_column][vc_column width=&#8220;1\/3&#8243;][vc_single_image image=&#8220;1310&#8243; img_size=&#8220;full&#8220; add_caption=&#8220;yes&#8220; alignment=&#8220;center&#8220; onclick=&#8220;link_image&#8220; css=&#8220;&#8220;][\/vc_column][vc_column width=&#8220;1\/3&#8243;][vc_single_image image=&#8220;1332&#8243; img_size=&#8220;full&#8220; add_caption=&#8220;yes&#8220; alignment=&#8220;center&#8220; onclick=&#8220;link_image&#8220; css=&#8220;&#8220;][\/vc_column][\/vc_row][vc_row][vc_column][vc_btn title=&#8220;weiter zur gelben Gruppe&#8220; color=&#8220;warning&#8220; size=&#8220;lg&#8220; align=&#8220;center&#8220; i_align=&#8220;right&#8220; i_icon_fontawesome=&#8220;fas fa-arrow-right&#8220; css=&#8220;&#8220; add_icon=&#8220;true&#8220; link=&#8220;url:https%3A%2F%2Fkita-neuenhaus.de%2Fwp%2Fkrippen-gruppe-gelb%2F|title:Krippen-Gruppe%20Gelb&#8220;][\/vc_column][\/vc_row]<\/p>\n<\/div>","protected":false},"excerpt":{"rendered":"<p>[vc_row][vc_column][vc_column_text css=&#8220;&#8220;]Unser Neubau bietet den Kleinen einen hellen, offenen und liebevoll gestalteten Raum zum Entdecken und Wohlf\u00fchlen. Mit modernen Einrichtungen und einer warmen, einladenden Atmosph\u00e4re schaffen wir den perfekten Ort, an dem sich jedes Kind geborgen und gef\u00f6rdert f\u00fchlt. Hier darf gespielt, gelernt und gewachsen werden \u2013 in einem Umfeld, das Raum f\u00fcr Entfaltung und Freude bietet.[\/vc_column_text][\/vc_column][\/vc_row][vc_row][vc_column width=&#8220;1\/3&#8243;][vc_single_image image=&#8220;1331&#8243; img_size=&#8220;full&#8220;<\/p>\n<div class=\"read-more\"><a class=\"more-link\" href=\"https:\/\/kita-neuenhaus.de\/wp\/willkommen-in-der-johannes-krippe-neuenhaus\/\">Read More &#8230;<\/a><\/div>\n","protected":false},"author":1,"featured_media":0,"parent":0,"menu_order":0,"comment_status":"closed","ping_status":"closed","template":"","meta":{"footnotes":""},"class_list":["post-1414","page","type-page","status-publish","hentry"],"_links":{"self":[{"href":"https:\/\/kita-neuenhaus.de\/wp\/wp-json\/wp\/v2\/pages\/1414","targetHints":{"allow":["GET"]}}],"collection":[{"href":"https:\/\/kita-neuenhaus.de\/wp\/wp-json\/wp\/v2\/pages"}],"about":[{"href":"https:\/\/kita-neuenhaus.de\/wp\/wp-json\/wp\/v2\/types\/page"}],"author":[{"embeddable":true,"href":"https:\/\/kita-neuenhaus.de\/wp\/wp-json\/wp\/v2\/users\/1"}],"replies":[{"embeddable":true,"href":"https:\/\/kita-neuenhaus.de\/wp\/wp-json\/wp\/v2\/comments?post=1414"}],"version-history":[{"count":14,"href":"https:\/\/kita-neuenhaus.de\/wp\/wp-json\/wp\/v2\/pages\/1414\/revisions"}],"predecessor-version":[{"id":1438,"href":"https:\/\/kita-neuenhaus.de\/wp\/wp-json\/wp\/v2\/pages\/1414\/revisions\/1438"}],"wp:attachment":[{"href":"https:\/\/kita-neuenhaus.de\/wp\/wp-json\/wp\/v2\/media?parent=1414"}],"curies":[{"name":"wp","href":"https:\/\/api.w.org\/{rel}","templated":true}]}}