{"id":201,"date":"2017-02-09T21:12:29","date_gmt":"2017-02-09T20:12:29","guid":{"rendered":"http:\/\/kita-neuenhaus.de\/wp\/bewegungskindertagesstaette\/"},"modified":"2017-02-10T10:56:26","modified_gmt":"2017-02-10T09:56:26","slug":"bewegungskindertagesstaette","status":"publish","type":"page","link":"https:\/\/kita-neuenhaus.de\/wp\/bewegungskindertagesstaette\/","title":{"rendered":"Bewegungskindertagesst\u00e4tte"},"content":{"rendered":"<div class=\"art-postcontent\">\n<div class=\"art-article\">\n<p>Im Jahr 2007 wurden wir als Bewegungskindertagesst\u00e4tte zertifiziert.<\/p>\n<p>Von unterschiedlichen Fachdisziplinen wird immer wieder darauf hingewiesen, wie wichtig Bewegung f\u00fcr die Entwicklung eines Kindes ist.<\/p>\n<p>Vielf\u00e4ltige Gr\u00fcnde werden angef\u00fchrt:<\/p>\n<ul>\n<li>Bewegung ist wichtig, um Haltungssch\u00e4den, \u00dcbergewicht und anderen Gesundheitsrisiken vorzubeugen<\/li>\n<li>durch Bewegungssicherheit wird das Unfallrisiko gesenkt<\/li>\n<li>Bewegung st\u00e4rkt das Selbstbewusstsein \u2013 sich trauen macht selbstbewusst<\/li>\n<li>durch Einschr\u00e4nkung des Bewegungsbed\u00fcrfnisses entstehen vielf\u00e4ltige Verhaltensauff\u00e4lligkeiten<\/li>\n<li>nur wer sich \u201eausbewegt\u201c kann auch still sitzen und sich besser konzentrieren<\/li>\n<li>Wahrnehmungsorgane werden in ihrer Entwicklung durch Bewegung angeregt<\/li>\n<li>im bewegten Spiel mit anderen lernen Kinder: Sich zu konzentrieren und anzustrengen, Absprachen zu treffen, Konflikte zu l\u00f6sen, Toleranz und R\u00fccksichtnahme \u2013 sie sammeln grundlegende Erfahrungen mit Gleichaltrigen.<\/li>\n<\/ul>\n<h1>Aber was hat Bewegung mit Intelligenz und Klugheit zu tun?<\/h1>\n<p>Das Gehirn jedes neugeborenen Kindes hat ca. 100 Milliarden Nervenzellen (Neuronen). Aber nicht die Anzahl der Neuronen, sondern die Verbindungen zwischen ihnen machen uns klug oder dumm, entscheiden dar\u00fcber ob unser Denken anspruchsvoll und flexibel ist oder simpel und schwerf\u00e4llig. Intelligenz ist danach die F\u00e4higkeit, die vielen Fakten, die in unserem Gehirn gespeichert sind, miteinander zu verkn\u00fcpfen. Gleichg\u00fcltig ob wir einen Text \u00fcbersetzen, eine mathematische Formel anwenden, etwas wieder erkennen oder unser Verhalten an eine bestimmte Situation anpassen \u2013 immer m\u00fcssen Daten miteinander verkn\u00fcpft werden. Erst die Verkn\u00fcpfung macht es uns m\u00f6glich, ein Handlungskonzept zu entwickeln.<\/p>\n<p>Erste Verkn\u00fcpfungen bildet das kindliche Gehirn durch Speichern bestimmter Bewegungsmuster. Durch Reflexe beim S\u00e4ugling entstehen erste Strukturen im Gehirn. Durch Greifen \u201ebegreifen\u201c Kinder die Eigenart verschiedener Gegenst\u00e4nde. In dem Kinder krabbeln und sp\u00e4ter Laufen, entwickelt sich im Gehirn ein r\u00e4umliches Bezugssystem, als Grundlage f\u00fcr mathematische F\u00e4higkeiten.<\/p>\n<p>\u201eMathematische Vorstellungen und mathematisches Denken sind nichts anderes als das Ordnen und Umordnen von Mengen in einem vorgestellten, innerlichen Raum. K\u00f6rperschema und Raumvorstellung bilden die Grundlage daf\u00fcr.\u201c<\/p>\n<p>\u201eBewegungserfahrungen erm\u00f6glichen die Orientierung auf der ebenen, zweidimensionalen Papierfl\u00e4che, auf der Lesen und Schreiben stattfinden. Das Wiedererkennen von Buchstaben, das richtige Zusammenlesen und Schreiben sind nur m\u00f6glich, wenn diese grundlegende Orientierung vorhanden ist.\u201c<\/p>\n<p>\u201eKleine Kinder sollten die M\u00f6glichkeit haben, die Geschicklichkeit und Bewegungsf\u00e4higkeit ihres K\u00f6rpers zu<\/p>\n<p>trainieren: beim Spiel im Freien, beim Schaukeln, Klettern, Balancieren.\u201c<\/p>\n<p>Christina Buchner; www.familienhandbuch.de<\/p>\n<\/div>\n<\/div>\n","protected":false},"excerpt":{"rendered":"<p>Im Jahr 2007 wurden wir als Bewegungskindertagesst\u00e4tte zertifiziert. Von unterschiedlichen Fachdisziplinen wird immer wieder darauf hingewiesen, wie wichtig Bewegung f\u00fcr die Entwicklung eines Kindes ist. Vielf\u00e4ltige Gr\u00fcnde werden angef\u00fchrt: Bewegung ist wichtig, um Haltungssch\u00e4den, \u00dcbergewicht und anderen Gesundheitsrisiken vorzubeugen durch Bewegungssicherheit wird das Unfallrisiko gesenkt Bewegung st\u00e4rkt das Selbstbewusstsein \u2013 sich trauen macht selbstbewusst durch Einschr\u00e4nkung des Bewegungsbed\u00fcrfnisses entstehen vielf\u00e4ltige<\/p>\n<div class=\"read-more\"><a class=\"more-link\" href=\"https:\/\/kita-neuenhaus.de\/wp\/bewegungskindertagesstaette\/\">Read More &#8230;<\/a><\/div>\n","protected":false},"author":1,"featured_media":0,"parent":0,"menu_order":0,"comment_status":"closed","ping_status":"closed","template":"","meta":{"footnotes":""},"class_list":["post-201","page","type-page","status-publish","hentry"],"_links":{"self":[{"href":"https:\/\/kita-neuenhaus.de\/wp\/wp-json\/wp\/v2\/pages\/201","targetHints":{"allow":["GET"]}}],"collection":[{"href":"https:\/\/kita-neuenhaus.de\/wp\/wp-json\/wp\/v2\/pages"}],"about":[{"href":"https:\/\/kita-neuenhaus.de\/wp\/wp-json\/wp\/v2\/types\/page"}],"author":[{"embeddable":true,"href":"https:\/\/kita-neuenhaus.de\/wp\/wp-json\/wp\/v2\/users\/1"}],"replies":[{"embeddable":true,"href":"https:\/\/kita-neuenhaus.de\/wp\/wp-json\/wp\/v2\/comments?post=201"}],"version-history":[{"count":2,"href":"https:\/\/kita-neuenhaus.de\/wp\/wp-json\/wp\/v2\/pages\/201\/revisions"}],"predecessor-version":[{"id":248,"href":"https:\/\/kita-neuenhaus.de\/wp\/wp-json\/wp\/v2\/pages\/201\/revisions\/248"}],"wp:attachment":[{"href":"https:\/\/kita-neuenhaus.de\/wp\/wp-json\/wp\/v2\/media?parent=201"}],"curies":[{"name":"wp","href":"https:\/\/api.w.org\/{rel}","templated":true}]}}